{"id":2273,"date":"2025-11-05T10:50:47","date_gmt":"2025-11-05T10:50:47","guid":{"rendered":"https:\/\/anna-brandenburg.tpicustomer.de\/?page_id=2273"},"modified":"2026-04-15T10:21:24","modified_gmt":"2026-04-15T10:21:24","slug":"impressum","status":"publish","type":"page","link":"https:\/\/dr-anna-brandenburg.de\/de\/impressum\/","title":{"rendered":"Impressum"},"content":{"rendered":"\t\t<div data-elementor-type=\"wp-page\" data-elementor-id=\"2273\" class=\"elementor elementor-2273\" data-elementor-post-type=\"page\">\n\t\t\t\t<div class=\"elementor-element elementor-element-64bfd64 e-flex e-con-boxed e-con e-parent\" data-id=\"64bfd64\" data-element_type=\"container\" data-e-type=\"container\" data-settings=\"{&quot;jet_parallax_layout_list&quot;:[]}\">\n\t\t\t\t\t<div class=\"e-con-inner\">\n\t\t\t\t<div class=\"elementor-element elementor-element-a97ea78 elementor-widget elementor-widget-heading\" data-id=\"a97ea78\" data-element_type=\"widget\" data-e-type=\"widget\" data-widget_type=\"heading.default\">\n\t\t\t\t\t<h1 class=\"elementor-heading-title elementor-size-default\">Impressum<\/h1>\t\t\t\t<\/div>\n\t\t\t\t<div class=\"elementor-element elementor-element-9a5ab2a elementor-widget elementor-widget-text-editor\" data-id=\"9a5ab2a\" data-element_type=\"widget\" data-e-type=\"widget\" data-widget_type=\"text-editor.default\">\n\t\t\t\t\t\t\t\t\t<div class=\"inhalt\"><div class=\"et_pb_module et_pb_text et_pb_text_1 et_pb_bg_layout_light et_pb_text_align_left\"><div class=\"et_pb_text_inner\"><h2 class=\"h h h h\">Dermatologische Privatpraxis Dr. med. Anna Brandenburg<\/h2><p>Heilwigstra\u00dfe 33<br \/>20249 Hamburg<\/p><p>Telefon:\u00a0<a href=\"tel:+49 40 46 77 46 27\">+49 (0)40 46 77 46 27<\/a><br \/>E-Mail:\u00a0<a href=\"mailto:info@dr-anna-brandenburg.de\">info@dr-anna-brandenburg.de<\/a><\/p><h3>Presse Anfragen:<\/h3><p>z.H.\u00a0<span class=\"outlook-search-highlight\" data-markjs=\"true\">Christina<\/span>\u00a0Jost<br \/>E-Mail:\u00a0<a href=\"mailto:pr@dr-anna-brandenburg.de\">pr@dr-anna-brandenburg.de<\/a><\/p><p>z.H. Kim Lara Linke<br \/>E-Mail: <a href=\"mailto:kim@textschwester.de\">kim@textschwester.de <\/a><\/p><h3>Inhaltlich Verantwortlicher gem\u00e4\u00df \u00a7 10 Absatz 3 MDStV:<\/h3><p>Dr. med. Anna Brandenburg (Anschrift wie oben)<\/p><h3>Umsatzsteuer-ID:<\/h3><p>DE334687574<\/p><p><strong>Die Berufsbezeichnung Arzt wurde in der Bundesrepublik Deutschland verliehen.<\/strong><\/p><h3>Zust\u00e4ndige \u00c4rztekammer &amp; Aufsichtsbeh\u00f6rde:<\/h3><p>Landes\u00e4rztekammer Hamburg<br \/><span class=\"LrzXr\">Weidestra\u00dfe 122B, 22083 Hamburg<\/span><\/p><h3>Berufsrechtliche Regelungen:<\/h3><p>\u2013 Berufsordnung der Landes\u00e4rztekammer Hamburg<br \/>\u2013 Heilberufsordnung des Landes Hamburg<br \/>Diese Regelung finden Sie unter:\u00a0<a href=\"https:\/\/www.aerztekammer-hamburg.de\/\" target=\"_blank\" rel=\"noopener\">www.aerztekammer-hamburg.de<\/a><\/p><h3>Praxis Marketing:<\/h3><p>tpi Media GmbH\u00ae\u00a0<a href=\"https:\/\/www.webdesignagentur.de\/\" target=\"_blank\" rel=\"noopener\">Webdesign Agentur<\/a>\u00a0&amp;\u00a0<a href=\"https:\/\/www.onlinemarketingagentur.de\/\" target=\"_blank\" rel=\"noopener\">Marketing Agentur<\/a><\/p><h3>Branding:<\/h3><p>S\u00f6nke Jansen<br \/><a href=\"mailto:soenke-jansen@gmx.de\">soenke-jansen@gmx.de<\/a><\/p><h3>Interior Design:<\/h3><\/div><p>Die <span data-markjs=\"true\">neue<\/span> Beckmann GmbH<br \/>Klosterstern 4\u00a0|\u00a020149 Hamburg<br \/>T: \u00a0<a href=\"tel:+4940464025\">+49 40 &#8211; 46 40 25<\/a><br \/>F: \u00a0<a href=\"tel:+4940472446\">+49 40 &#8211; 47 24 46<\/a><br \/><a href=\"mailto:tjarko.schwitters@derneuebeckmann.de\" data-ogsc=\"\">tjarko.schwitters@<span data-markjs=\"true\">der<\/span><span data-markjs=\"true\">neue<\/span>beckmann.de<\/a><br \/><a href=\"http:\/\/ww\/\" data-ogsc=\"\">ww<\/a><a href=\"http:\/\/w.derneuebeckmann.de\/\" data-ogsc=\"\" target=\"_blank\" rel=\"noopener\">w.<span data-markjs=\"true\">der<\/span><span data-markjs=\"true\">neue<\/span>beckmann.de<\/a><\/p><\/div><\/div>\t\t\t\t\t\t\t\t<\/div>\n\t\t\t\t\t<\/div>\n\t\t\t\t<\/div>\n\t\t\t\t<\/div>\n\t\t","protected":false},"excerpt":{"rendered":"<p>Impressum Dermatologische Privatpraxis Dr. med. Anna Brandenburg Heilwigstra\u00dfe 3320249 Hamburg Telefon:\u00a0+49 (0)40 46 77 46 27E-Mail:\u00a0info@dr-anna-brandenburg.de Presse Anfragen: z.H.\u00a0Christina\u00a0JostE-Mail:\u00a0pr@dr-anna-brandenburg.de z.H. Kim Lara LinkeE-Mail: kim@textschwester.de Inhaltlich Verantwortlicher gem\u00e4\u00df \u00a7 10 Absatz 3 MDStV: Dr. med. Anna Brandenburg (Anschrift wie oben) Umsatzsteuer-ID: DE334687574 Die Berufsbezeichnung Arzt wurde in der Bundesrepublik Deutschland verliehen. Zust\u00e4ndige \u00c4rztekammer &amp; Aufsichtsbeh\u00f6rde: Landes\u00e4rztekammer [&hellip;]<\/p>\n","protected":false},"author":1,"featured_media":0,"parent":0,"menu_order":0,"comment_status":"closed","ping_status":"closed","template":"elementor_header_footer","meta":{"footnotes":""},"class_list":["post-2273","page","type-page","status-publish","hentry"],"_links":{"self":[{"href":"https:\/\/dr-anna-brandenburg.de\/de\/wp-json\/wp\/v2\/pages\/2273","targetHints":{"allow":["GET"]}}],"collection":[{"href":"https:\/\/dr-anna-brandenburg.de\/de\/wp-json\/wp\/v2\/pages"}],"about":[{"href":"https:\/\/dr-anna-brandenburg.de\/de\/wp-json\/wp\/v2\/types\/page"}],"author":[{"embeddable":true,"href":"https:\/\/dr-anna-brandenburg.de\/de\/wp-json\/wp\/v2\/users\/1"}],"replies":[{"embeddable":true,"href":"https:\/\/dr-anna-brandenburg.de\/de\/wp-json\/wp\/v2\/comments?post=2273"}],"version-history":[{"count":6,"href":"https:\/\/dr-anna-brandenburg.de\/de\/wp-json\/wp\/v2\/pages\/2273\/revisions"}],"predecessor-version":[{"id":7645,"href":"https:\/\/dr-anna-brandenburg.de\/de\/wp-json\/wp\/v2\/pages\/2273\/revisions\/7645"}],"wp:attachment":[{"href":"https:\/\/dr-anna-brandenburg.de\/de\/wp-json\/wp\/v2\/media?parent=2273"}],"curies":[{"name":"wp","href":"https:\/\/api.w.org\/{rel}","templated":true}]}}